{"id":28199,"date":"2017-03-22T20:39:14","date_gmt":"2017-03-22T19:39:14","guid":{"rendered":"https:\/\/www.xenia-espresso.de\/widerrufsbelehrung\/"},"modified":"2021-06-02T21:55:49","modified_gmt":"2021-06-02T19:55:49","slug":"widerrufsbelehrung","status":"publish","type":"page","link":"https:\/\/www.xenia-espresso.de\/en\/widerrufsbelehrung\/","title":{"rendered":"Cancellation Policy"},"content":{"rendered":"<h3>Right of Withdrawal for Consumers<\/h3>\n<p>(A consumer is any natural person who concludes a legal transaction for purposes that are predominantly neither commercial nor their independent professional activity.)<\/p>\n<h1>Cancellation Policy<\/h1>\n<h3>Right of Revocation\/ Cancellation<\/h3>\n<p>You have the right to cancel this contract within fourteen days without giving any reason.<\/p>\n<p>The withdrawal period is fourteen days from the day \u2026<\/p>\n<ul>\n<li>an dem Sie oder ein von Ihnen benannter Dritter, der nicht der Bef\u00f6rderer ist, die Waren in Besitz genommen haben bzw. hat, sofern Sie eine oder mehrere Waren im Rahmen einer einheitlichen Bestellung bestellt haben und diese einheitlich geliefert wird bzw. werden, oder<\/li>\n<li>an dem Sie oder ein von Ihnen benannter Dritter, der nicht der Bef\u00f6rderer ist, die letzte Ware in Besitz genommen haben bzw. hat, sofern Sie mehrere Waren im Rahmen einer einheitlichen Bestellung bestellt haben und diese getrennt geliefert werden, oder<\/li>\n<li>an dem Sie oder ein von Ihnen benannter Dritter, der nicht der Bef\u00f6rderer ist, die letzte Teilsendung oder das letzte St\u00fcck in Besitz genommen haben bzw. hat, sofern Sie eine Ware bestellt haben, die in mehreren Teilsendungen oder St\u00fccken geliefert wird, oder<\/li>\n<li>an dem Sie oder ein von Ihnen benannter Dritter, der nicht der Bef\u00f6rderer ist, die erste Ware in Besitz genommen haben bzw. hat, sofern Sie einen Vertrag zur regelm\u00e4\u00dfigen Lieferung von Waren \u00fcber einen festgelegten Zeitraum hinweg geschlossen haben.<\/li>\n<\/ul>\n<p>Um Ihr Widerrufsrecht auszu\u00fcben, m\u00fcssen Sie uns (Xenia Espresso GmbH, Marwitzer Str. 81, 16727 Oberkr\u00e4mer, Deutschland, Telefonnummer: 033045220808, E-Mail-Adresse: info@xenia-espresso.de) mittels einer eindeutigen Erkl\u00e4rung (z.B. ein mit der Post versandter Brief, E-Mail) \u00fcber Ihren Entschluss, diesen Vertrag zu widerrufen, informieren. Sie k\u00f6nnen daf\u00fcr das beigef\u00fcgte Muster-Widerrufsformular verwenden, das jedoch nicht vorgeschrieben ist.<\/p>\n<p>To meet the cancellation deadline, it is sufficient for you to send your notification of exercising your right of cancellation before the cancellation period has expired.<\/p>\n<h3>Consequences of Cancellation<\/h3>\n<p>Wenn Sie diesen Vertrag widerrufen, haben wir Ihnen alle Zahlungen, die wir von Ihnen erhalten haben, einschlie\u00dflich der Lieferkosten (mit Ausnahme der zus\u00e4tzlichen Kosten, die sich daraus ergeben, dass Sie eine andere Art der Lieferung als die von uns angebotene, g\u00fcnstigste Standardlieferung gew\u00e4hlt haben), unverz\u00fcglich und sp\u00e4testens binnen vierzehn Tagen ab dem Tag zur\u00fcckzuzahlen, an dem die Mitteilung \u00fcber Ihren Widerruf dieses Vertrags bei uns eingegangen ist. F\u00fcr diese R\u00fcckzahlung verwenden wir dasselbe Zahlungsmittel, das Sie bei der urspr\u00fcnglichen Transaktion eingesetzt haben, es sei denn, mit Ihnen wurde ausdr\u00fccklich etwas anderes vereinbart; in keinem Fall werden Ihnen wegen dieser R\u00fcckzahlung Entgelte berechnet.<\/p>\n<p>Wir k\u00f6nnen die R\u00fcckzahlung verweigern, bis wir die Waren wieder zur\u00fcckerhalten haben oder bis Sie den Nachweis erbracht haben, dass Sie die Waren zur\u00fcckgesandt haben, je nachdem, welches der fr\u00fchere Zeitpunkt ist.<\/p>\n<p>Sie haben die Waren unverz\u00fcglich und in jedem Fall sp\u00e4testens binnen vierzehn Tagen ab dem Tag, an dem Sie uns \u00fcber den Widerruf dieses Vertrags unterrichten, an uns zur\u00fcckzusenden oder zu \u00fcbergeben. Die Frist ist gewahrt, wenn Sie die Waren vor Ablauf der Frist von vierzehn Tagen absenden.<\/p>\n<p>Sie tragen die unmittelbaren Kosten der R\u00fccksendung der Waren. Die Kosten werden auf h\u00f6chstens etwa 60,00 \u20ac gesch\u00e4tzt.<\/p>\n<p>Sie m\u00fcssen f\u00fcr einen etwaigen Wertverlust der Waren nur aufkommen, wenn dieser Wertverlust auf einen zur Pr\u00fcfung der Beschaffenheit, Eigenschaften und Funktionsweise der Waren nicht notwendigen Umgang mit ihnen zur\u00fcckzuf\u00fchren ist.<\/p>\n<h2>Sample Cancellation Form<\/h2>\n<p>(If you want to cancel the contract, please fill in this form and send it back.)<\/p>\n<p>\u2013 To<\/p>\n<p>Xenia Espresso GmbH, Marwitzer Str. 81, 16727 Oberkr\u00e4mer, Germany, telephone number: 0049 (0)3304 5220808, email address: info@xenia-espresso.de<\/p>\n<p>\u2013 I\/ we (*) hereby revoke the contract concluded by me\/ us (*) for the purchase of the following goods\/ the provision of the following service (*):<\/p>\n<p>\u2013 Ordered on\/ Received on (*)<\/p>\n<p>\u2013 Name of the consumer(s)<\/p>\n<p>\u2013 Address of the consumer(s)<\/p>\n<p>\u2013 Signature of the consumer(s) (only if this is communicated on paper)<\/p>\n<p>\u2013 Date<\/p>\n<p>___________<br \/>\n(*) Delete where applicable.<\/p>","protected":false},"excerpt":{"rendered":"<p>Widerrufsrecht f\u00fcr Verbraucher (Verbraucher ist jede nat\u00fcrliche Person, die ein Rechtsgesch\u00e4ft zu Zwecken abschlie\u00dft, die \u00fcberwiegend weder ihrer gewerblichen noch ihrer selbstst\u00e4ndigen beruflichen T\u00e4tigkeit zugerechnet werden kann.) Widerrufsbelehrung Widerrufsrecht Sie haben das Recht, binnen vierzehn Tagen ohne Angabe von Gr\u00fcnden diesen Vertrag zu widerrufen. Die Widerrufsfrist betr\u00e4gt vierzehn Tage ab dem Tag, an dem Sie [&hellip;]<\/p>","protected":false},"author":1,"featured_media":0,"parent":0,"menu_order":0,"comment_status":"closed","ping_status":"closed","template":"","meta":{"_et_pb_use_builder":"","_et_pb_old_content":"","_et_gb_content_width":"","footnotes":""},"class_list":["post-28199","page","type-page","status-publish","hentry"],"_links":{"self":[{"href":"https:\/\/www.xenia-espresso.de\/en\/wp-json\/wp\/v2\/pages\/28199","targetHints":{"allow":["GET"]}}],"collection":[{"href":"https:\/\/www.xenia-espresso.de\/en\/wp-json\/wp\/v2\/pages"}],"about":[{"href":"https:\/\/www.xenia-espresso.de\/en\/wp-json\/wp\/v2\/types\/page"}],"author":[{"embeddable":true,"href":"https:\/\/www.xenia-espresso.de\/en\/wp-json\/wp\/v2\/users\/1"}],"replies":[{"embeddable":true,"href":"https:\/\/www.xenia-espresso.de\/en\/wp-json\/wp\/v2\/comments?post=28199"}],"version-history":[{"count":2,"href":"https:\/\/www.xenia-espresso.de\/en\/wp-json\/wp\/v2\/pages\/28199\/revisions"}],"predecessor-version":[{"id":51217,"href":"https:\/\/www.xenia-espresso.de\/en\/wp-json\/wp\/v2\/pages\/28199\/revisions\/51217"}],"wp:attachment":[{"href":"https:\/\/www.xenia-espresso.de\/en\/wp-json\/wp\/v2\/media?parent=28199"}],"curies":[{"name":"wp","href":"https:\/\/api.w.org\/{rel}","templated":true}]}}