{"id":62263,"date":"2023-06-02T14:18:52","date_gmt":"2023-06-02T12:18:52","guid":{"rendered":"https:\/\/www.xenia-espresso.de\/?page_id=62263"},"modified":"2023-12-07T19:47:32","modified_gmt":"2023-12-07T18:47:32","slug":"downloads-db-dbl","status":"publish","type":"page","link":"https:\/\/www.xenia-espresso.de\/en\/downloads-db-dbl\/","title":{"rendered":"Dualboiler support"},"content":{"rendered":"<p>[et_pb_section fb_built=&#8220;1&#8243; module_class=&#8220;btn_verstecken_alle&#8220; _builder_version=&#8220;4.20.0&#8243; _module_preset=&#8220;default&#8220; collapsed=&#8220;off&#8220; global_colors_info=&#8220;{}&#8220;][et_pb_row admin_label=&#8220;Zeile&#8220; _builder_version=&#8220;4.16&#8243; custom_margin=&#8220;30px||30px|&#8220; custom_padding=&#8220;0px|||&#8220; border_width_bottom=&#8220;1px&#8220; border_color_bottom=&#8220;#cccccc&#8220; global_colors_info=&#8220;{}&#8220;][et_pb_column type=&#8220;4_4&#8243; _builder_version=&#8220;4.16&#8243; custom_padding=&#8220;|||&#8220; global_colors_info=&#8220;{}&#8220; custom_padding__hover=&#8220;|||&#8220;][et_pb_text admin_label=&#8220;bekannte Einschr\u00e4nkungen&#8220; _builder_version=&#8220;4.23.1&#8243; _module_preset=&#8220;default&#8220; text_text_color=&#8220;#a56600&#8243; text_font_size=&#8220;22px&#8220; border_width_bottom=&#8220;1px&#8220; global_colors_info=&#8220;{}&#8220;]<\/p>\n<p>Usage Requirements\/Limitations<\/p>\n<p>[\/et_pb_text][et_pb_text _builder_version=&#8220;4.23.1&#8243; _module_preset=&#8220;default&#8220; hover_enabled=&#8220;0&#8243; global_colors_info=&#8220;{}&#8220; sticky_enabled=&#8220;0&#8243;]<\/p>\n<ul>\n<li>Maschine mit Leistungsregler: Scripte nur mit Maus zu bearbeiten (drag and drop) <\/li>\n<li>Begrenzte WLAN-Reichweite (abh\u00e4ngig von Entfernung, W\u00e4nden, &#8230;)<\/li>\n<li>Es kommt durchaus etwas Wasser aus der Gruppe w\u00e4hrend der Aufheizphase oder nach dem Bezug<\/li>\n<li>2,4 GHz Verbindungen (5 GHz sind nicht vorgesehen)<\/li>\n<li>WPA3 verursacht uU kurzzeitige Verbindungsunterbrechungen, WPA2 wird deswegen routerseitig empfohlen<\/li>\n<li>W\u00e4hrend des Bezugs kann die Temperatur in der Gruppe und des Br\u00fchboiler schwanken (mit und ohne Leistungsregler).<\/li>\n<li>Depending on the (lack of) resistance of the ground coffee, brewing pressures cannot be achieved.<\/li>\n<li>Durch die Anlaufphase der Pumpe k\u00f6nnen Dr\u00fccke u. U. auch erst sp\u00e4ter bzw. verz\u00f6gert erreicht werden.<\/li>\n<li>Festwasseranschlu\u00df nicht m\u00f6glich<\/li>\n<li>Einige Appleger\u00e4te brechen den Einrichtungsvorgang ab. Dann Windows oder Android nutzen.<\/li>\n<li>Ventile k\u00f6nnen (leicht h\u00f6rbar) summen.<\/li>\n<li>Maschine ohen Leistunsregler: die Temperaturen pendeln mt der Thermostat-typischen Hysterese um 92\u00b0C (=Br\u00fchgruppen LED geht in Intervallen an)<\/li>\n<\/ul>\n<p>[\/et_pb_text][\/et_pb_column][\/et_pb_row][et_pb_row _builder_version=&#8220;4.22.2&#8243; _module_preset=&#8220;default&#8220; global_colors_info=&#8220;{}&#8220;][et_pb_column type=&#8220;4_4&#8243; _builder_version=&#8220;4.22.2&#8243; _module_preset=&#8220;default&#8220; global_colors_info=&#8220;{}&#8220;][et_pb_text _builder_version=&#8220;4.23&#8243; _module_preset=&#8220;default&#8220; global_colors_info=&#8220;{}&#8220;]<\/p>\n<p>Weitere Support-Links:<\/p>\n<p><a href=\"https:\/\/www.xenia-espresso.de\/en\/support-db-erstinbetriebnnahme\/\">Support \u2013 Xenia DB \u2013 Erstinbetriebnnahme<\/a><\/p>\n<p><a href=\"https:\/\/www.xenia-espresso.de\/en\/support-db-anleitung\/\">Support \u2013 Xenia DB \u2013 Anleitung<\/a><\/p>\n<p><a href=\"https:\/\/www.xenia-espresso.de\/en\/support-db-firmware-scripte\/\">Support \u2013 Xenia DB \u2013 Firmware und Scripte<\/a><\/p>\n<p>[\/et_pb_text][\/et_pb_column][\/et_pb_row][\/et_pb_section]<\/p>","protected":false},"excerpt":{"rendered":"<p>Nutzungsvoraussetzungen\/Einschr\u00e4nkungen Maschine mit Leistungsregler: Scripte nur mit Maus zu bearbeiten (drag and drop) Begrenzte WLAN-Reichweite (abh\u00e4ngig von Entfernung, W\u00e4nden, &#8230;) Es kommt durchaus etwas Wasser aus der Gruppe w\u00e4hrend der Aufheizphase oder nach dem Bezug 2,4 GHz Verbindungen (5 GHz sind nicht vorgesehen) WPA3 verursacht uU kurzzeitige Verbindungsunterbrechungen, WPA2 wird deswegen routerseitig empfohlen W\u00e4hrend des [&hellip;]<\/p>","protected":false},"author":2,"featured_media":61321,"parent":0,"menu_order":0,"comment_status":"closed","ping_status":"closed","template":"","meta":{"_et_pb_use_builder":"on","_et_pb_old_content":"","_et_gb_content_width":"","footnotes":""},"class_list":["post-62263","page","type-page","status-publish","has-post-thumbnail","hentry"],"_links":{"self":[{"href":"https:\/\/www.xenia-espresso.de\/en\/wp-json\/wp\/v2\/pages\/62263","targetHints":{"allow":["GET"]}}],"collection":[{"href":"https:\/\/www.xenia-espresso.de\/en\/wp-json\/wp\/v2\/pages"}],"about":[{"href":"https:\/\/www.xenia-espresso.de\/en\/wp-json\/wp\/v2\/types\/page"}],"author":[{"embeddable":true,"href":"https:\/\/www.xenia-espresso.de\/en\/wp-json\/wp\/v2\/users\/2"}],"replies":[{"embeddable":true,"href":"https:\/\/www.xenia-espresso.de\/en\/wp-json\/wp\/v2\/comments?post=62263"}],"version-history":[{"count":12,"href":"https:\/\/www.xenia-espresso.de\/en\/wp-json\/wp\/v2\/pages\/62263\/revisions"}],"predecessor-version":[{"id":64154,"href":"https:\/\/www.xenia-espresso.de\/en\/wp-json\/wp\/v2\/pages\/62263\/revisions\/64154"}],"wp:featuredmedia":[{"embeddable":true,"href":"https:\/\/www.xenia-espresso.de\/en\/wp-json\/wp\/v2\/media\/61321"}],"wp:attachment":[{"href":"https:\/\/www.xenia-espresso.de\/en\/wp-json\/wp\/v2\/media?parent=62263"}],"curies":[{"name":"wp","href":"https:\/\/api.w.org\/{rel}","templated":true}]}}