{"id":63214,"date":"2023-10-03T17:30:40","date_gmt":"2023-10-03T15:30:40","guid":{"rendered":"https:\/\/www.xenia-espresso.de\/?page_id=63214"},"modified":"2025-01-14T14:02:38","modified_gmt":"2025-01-14T13:02:38","slug":"support-db-kurzanleitung","status":"publish","type":"page","link":"https:\/\/www.xenia-espresso.de\/en\/support-db-kurzanleitung\/","title":{"rendered":"Support &#8211; Xenia DB &#8211; Kurzanleitung"},"content":{"rendered":"<p>[et_pb_section fb_built=&#8220;1&#8243; admin_label=&#8220;Anleitung&#8220; _builder_version=&#8220;4.22.2&#8243; _module_preset=&#8220;default&#8220; border_width_top=&#8220;2px&#8220; border_color_top=&#8220;#E02B20&#8243; collapsed=&#8220;off&#8220; global_colors_info=&#8220;{}&#8220;][et_pb_row admin_label=&#8220;\u00dcberschrift Anleitung&#8220; _builder_version=&#8220;4.20.0&#8243; _module_preset=&#8220;default&#8220; global_colors_info=&#8220;{}&#8220;][et_pb_column type=&#8220;4_4&#8243; _builder_version=&#8220;4.20.0&#8243; _module_preset=&#8220;default&#8220; global_colors_info=&#8220;{}&#8220;][et_pb_text admin_label=&#8220;\u00dcberschrift Anleitung&#8220; _builder_version=&#8220;4.20.0&#8243; _module_preset=&#8220;default&#8220; global_colors_info=&#8220;{}&#8220;]<\/p>\n<h1>Instructions<\/h1>\n<p>[\/et_pb_text][\/et_pb_column][\/et_pb_row][et_pb_row admin_label=&#8220;\u00dcberschrift Schalter&#8220; module_class=&#8220;btn-verstecken-e&#8220; _builder_version=&#8220;4.20.0&#8243; _module_preset=&#8220;default&#8220; link_option_url=&#8220;verstecken-e&#8220; global_colors_info=&#8220;{}&#8220;][et_pb_column type=&#8220;4_4&#8243; _builder_version=&#8220;4.20.0&#8243; _module_preset=&#8220;default&#8220; global_colors_info=&#8220;{}&#8220;][et_pb_text module_id=&#8220;__txt_verstecken_anle&#8220; _builder_version=&#8220;4.20.0&#8243; _module_preset=&#8220;default&#8220; custom_margin=&#8220;||||false|false&#8220; global_colors_info=&#8220;{}&#8220;]<\/p>\n<h3>Switches<\/h3>\n<p>The machine has 2 switches (technically: toggle  switches), which can each be tilted in 2 directions. And then we differentiate between a short fold and a long fold\u2013so the machine offers the user 8 functions.<\/p>\n<p>The duration for 'long' is ~2 seconds and is signaled by a short tone when reached.<\/p>\n<p>[\/et_pb_text][\/et_pb_column][\/et_pb_row][et_pb_row column_structure=&#8220;1_2,1_2&#8243; admin_label=&#8220;Schalter 01&#8243; _builder_version=&#8220;4.20.0&#8243; _module_preset=&#8220;default&#8220; global_colors_info=&#8220;{}&#8220;][et_pb_column type=&#8220;1_2&#8243; _builder_version=&#8220;4.20.0&#8243; _module_preset=&#8220;default&#8220; global_colors_info=&#8220;{}&#8220;][et_pb_image src=&#8220;https:\/\/www.xenia-espresso.de\/wp-content\/uploads\/2023\/03\/Schalter-01.jpg&#8220; title_text=&#8220;Schalter 01&#8243; _builder_version=&#8220;4.20.0&#8243; _module_preset=&#8220;default&#8220; global_colors_info=&#8220;{}&#8220;][\/et_pb_image][\/et_pb_column][et_pb_column type=&#8220;1_2&#8243; _builder_version=&#8220;4.20.0&#8243; _module_preset=&#8220;default&#8220; global_colors_info=&#8220;{}&#8220;][et_pb_text _builder_version=&#8220;4.20.0&#8243; _module_preset=&#8220;default&#8220; global_colors_info=&#8220;{}&#8220;]<\/p>\n<p><strong>On\/Off switch (left switch to right)\u2013number 2 in the picture on the right<\/strong><\/p>\n<p>Legt man den An\/Ausschalter kurz um, startet die Maschine mit beiden Boilern. Legt man den Schalter l\u00e4nger um, dann startet nur der Br\u00fchboiler, aber nicht der Dampfboiler. F\u00fcr einen Espresso ist das ausreichend und so kann man sich das Aufheizen des Dampfboilers sparen. Dieses An\/Ausschalten des Dampfboilers klappt \u00fcbrigens auch im laufenen Betrieb. Alternativ geht das \u00fcber die Startseite des Webinterfaces.<\/p>\n<p>However, the switch has another useful function during a reference. If a brewing process is running and you flip the switch briefly, then it stops. If you flip the switch again briefly, the brewing will continue. For example, you can control a pre-infusion. If you see the first drops of coffee in the outlet of the portafilter, stop the brewing process, let the ground coffee swell for a few seconds and then continue the brewing process.<\/p>\n<p><strong>Switches 1, 3 and 4<\/strong><\/p>\n<p>These switches can be freely assigned with scripts. The stand assignment is as follows: Turning switch 4 to the right starts an espresso shot for the duration that is set in the web interface under the menu item 'Pump'. If you flip the switch longer, an 'endless' brewing process starts.<\/p>\n<p>&nbsp;<\/p>\n<p>[\/et_pb_text][\/et_pb_column][\/et_pb_row][et_pb_row admin_label=&#8220;\u00dcberschrift Startseite&#8220; module_class=&#8220;btn-verstecken-e&#8220; _builder_version=&#8220;4.20.0&#8243; _module_preset=&#8220;default&#8220; link_option_url=&#8220;verstecken-e&#8220; global_colors_info=&#8220;{}&#8220;][et_pb_column type=&#8220;4_4&#8243; _builder_version=&#8220;4.20.0&#8243; _module_preset=&#8220;default&#8220; global_colors_info=&#8220;{}&#8220;][et_pb_text module_id=&#8220;__txt_verstecken_anle&#8220; _builder_version=&#8220;4.20.0&#8243; _module_preset=&#8220;default&#8220; custom_margin=&#8220;||||false|false&#8220; global_colors_info=&#8220;{}&#8220;]<\/p>\n<h3>Homepage<\/h3>\n<p>Die Startseite der Xenia ist das Schweizer Taschenmesser der Maschine. Sie fasst einige wichtige Funktionen f\u00fcr einen direkten Zugriff zusammen und stellt die daf\u00fcr n\u00f6tigen Informationen \u00fcbersichtlich dar. Anmerkung: unten ist die Startseite des Dualboiler mit Leistungsregler zu sehen. Die Version ohne Leistungsregler hat dementsprechend weniger anzeigen (weil keine Sensoren).<\/p>\n<p>[\/et_pb_text][\/et_pb_column][\/et_pb_row][et_pb_row admin_label=&#8220;Startseite 0&#8243; _builder_version=&#8220;4.20.0&#8243; _module_preset=&#8220;default&#8220; global_colors_info=&#8220;{}&#8220;][et_pb_column type=&#8220;4_4&#8243; _builder_version=&#8220;4.20.0&#8243; _module_preset=&#8220;default&#8220; global_colors_info=&#8220;{}&#8220;][et_pb_image src=&#8220;https:\/\/www.xenia-espresso.de\/wp-content\/uploads\/2023\/11\/Startseite.jpg&#8220; title_text=&#8220;Startseite&#8220; _builder_version=&#8220;4.23.1&#8243; _module_preset=&#8220;default&#8220; global_colors_info=&#8220;{}&#8220;][\/et_pb_image][\/et_pb_column][\/et_pb_row][et_pb_row column_structure=&#8220;1_2,1_2&#8243; admin_label=&#8220;Startseite 1&#8243; _builder_version=&#8220;4.20.0&#8243; _module_preset=&#8220;default&#8220; global_colors_info=&#8220;{}&#8220;][et_pb_column type=&#8220;1_2&#8243; _builder_version=&#8220;4.20.0&#8243; _module_preset=&#8220;default&#8220; global_colors_info=&#8220;{}&#8220;][et_pb_text _builder_version=&#8220;4.20.0&#8243; _module_preset=&#8220;default&#8220; global_colors_info=&#8220;{}&#8220;]<\/p>\n<p>The 3 switches at the top center of the page turn the machine on and off (or set it to ECO mode).<\/p>\n<p>Each switch has its own color, which lights up when the switch is active, so that the respective status can be recognised quickly. In addition, the text on the switches also changes so that the status of the machine is also made clear by the text.<\/p>\n<p>[\/et_pb_text][\/et_pb_column][et_pb_column type=&#8220;1_2&#8243; _builder_version=&#8220;4.20.0&#8243; _module_preset=&#8220;default&#8220; global_colors_info=&#8220;{}&#8220;][et_pb_image src=&#8220;https:\/\/www.xenia-espresso.de\/wp-content\/uploads\/2023\/03\/Startseite-04.jpg&#8220; title_text=&#8220;Startseite 04&#8243; _builder_version=&#8220;4.20.0&#8243; _module_preset=&#8220;default&#8220; global_colors_info=&#8220;{}&#8220;][\/et_pb_image][\/et_pb_column][\/et_pb_row][et_pb_row column_structure=&#8220;1_2,1_2&#8243; admin_label=&#8220;Startseite 2&#8243; _builder_version=&#8220;4.20.0&#8243; _module_preset=&#8220;default&#8220; global_colors_info=&#8220;{}&#8220;][et_pb_column type=&#8220;1_2&#8243; _builder_version=&#8220;4.20.0&#8243; _module_preset=&#8220;default&#8220; global_colors_info=&#8220;{}&#8220;][et_pb_text _builder_version=&#8220;4.20.0&#8243; _module_preset=&#8220;default&#8220; global_colors_info=&#8220;{}&#8220;]<\/p>\n<p>Nur Dualboiler mit Leistungsregler: Oben links unter der \u00dcberschrift &#8218;Br\u00fchgruppe&#8216; wird (etwas gr\u00f6\u00dfer) die Solltemperatur und (etwas kleiner) die Ist-Temperatur der Gruppe angezeigt. Die Solltemperatur wechselt\u00a0 je nach Zustand die Farbe.<br \/>Red means: the actual temperature is well below the target temperature. Green means everything is ok with the temperature. Between these two states there is the color orange. It indicates that the system is almost at the right temperature.<\/p>\n<p>The states of the colors red and green are also displayed via the 2nd LED from the top in the front.<\/p>\n<p>There are 2 more subtle switches with arrows in the field. These switches can be used to raise and lower the target temperature in 0.5 \u00b0C increments.<\/p>\n<p>Der Vollst\u00e4ndigkeit halber erw\u00e4hnt: \u00dcber diesen Schaltern ist noch eine Angabe in %.Sie zeigt an mit viel Prozent Leistung die Br\u00fchgruppe beheizt wird. Im Fall eines installierten Leistungsreglers wird n\u00e4mlich nur soviel Energie von der Gruppe &#8218;abgerufen, wie sie braucht, um die Temperatur genau zu halten. Hier liegen die Werte meist deutlich unter 40%.<\/p>\n<p>&nbsp;<\/p>\n<p>[\/et_pb_text][\/et_pb_column][et_pb_column type=&#8220;1_2&#8243; _builder_version=&#8220;4.20.0&#8243; _module_preset=&#8220;default&#8220; global_colors_info=&#8220;{}&#8220;][et_pb_image src=&#8220;https:\/\/www.xenia-espresso.de\/wp-content\/uploads\/2023\/03\/Startseite-02.jpg&#8220; title_text=&#8220;Startseite 02&#8243; _builder_version=&#8220;4.20.0&#8243; _module_preset=&#8220;default&#8220; global_colors_info=&#8220;{}&#8220;][\/et_pb_image][\/et_pb_column][\/et_pb_row][et_pb_row column_structure=&#8220;1_2,1_2&#8243; admin_label=&#8220;Startseite 3&#8243; _builder_version=&#8220;4.20.0&#8243; _module_preset=&#8220;default&#8220; global_colors_info=&#8220;{}&#8220;][et_pb_column type=&#8220;1_2&#8243; _builder_version=&#8220;4.20.0&#8243; _module_preset=&#8220;default&#8220; global_colors_info=&#8220;{}&#8220;][et_pb_text _builder_version=&#8220;4.20.0&#8243; _module_preset=&#8220;default&#8220; global_colors_info=&#8220;{}&#8220;]<\/p>\n<p>Nur Dualboiler mit Leistungsregler: Rechts unter der \u00dcberschrift &#8218;Dampfboiler&#8216; wird der Soll- und der Ist-Druck des Dampfkessels angezeigt. Die Farben Rot und Gr\u00fcn zeigen wieder den Zustand des Dampfboilers an.<\/p>\n<p>\u00dcber die 2 Schalter mit den Pfeilen, kann man den Solldruck anheben und senken.<\/p>\n<p>Und rechts oben in der Box ist ein kleiner Umschalter. Mit ihm kann man den Dampfboiler aus- bzw. anschalten. Das geht \u00fcbrigens auch \u00fcber den Startschalter in der Front der Maschine. Legt man den Startschalter kurz nach rechts um, startet die Maschine mit Dampf- und mit Br\u00fchboiler. Legt man ihn lang um (bis zum Signalton), dann startet die Maschine ohne Dampfboiler. Das geht auch im laufenden Betrieb.<\/p>\n<p>[\/et_pb_text][\/et_pb_column][et_pb_column type=&#8220;1_2&#8243; _builder_version=&#8220;4.20.0&#8243; _module_preset=&#8220;default&#8220; global_colors_info=&#8220;{}&#8220;][et_pb_image src=&#8220;https:\/\/www.xenia-espresso.de\/wp-content\/uploads\/2023\/03\/Startseite-03.jpg&#8220; title_text=&#8220;Startseite 03&#8243; _builder_version=&#8220;4.20.0&#8243; _module_preset=&#8220;default&#8220; global_colors_info=&#8220;{}&#8220;][\/et_pb_image][\/et_pb_column][\/et_pb_row][et_pb_row _builder_version=&#8220;4.23.1&#8243; _module_preset=&#8220;default&#8220; global_colors_info=&#8220;{}&#8220;][et_pb_column type=&#8220;4_4&#8243; _builder_version=&#8220;4.23.1&#8243; _module_preset=&#8220;default&#8220; global_colors_info=&#8220;{}&#8220;][et_pb_text _builder_version=&#8220;4.23.1&#8243; _module_preset=&#8220;default&#8220; global_colors_info=&#8220;{}&#8220;]<\/p>\n<p>Sie k\u00f6nnen im Webinterface viel ver\u00e4ndern. Sollte anschlie\u00dfend etwas nicht mehr <strong>so wie gew\u00fcnscht funktionieren<\/strong>, dann stellen Sie das bitte zur\u00fcck, anstatt ein Problem zu melden. Das gilt insbesondere f\u00fcr die Einstellungen auf der PID-Seite und die Einstellungen der Pumpe. Das Aufspielen einer Firmware l\u00f6st das in keinem Fall.<\/p>\n<p>[\/et_pb_text][\/et_pb_column][\/et_pb_row][\/et_pb_section]<\/p>","protected":false},"excerpt":{"rendered":"<p>AnleitungSchalter Die Maschine verf\u00fcgt \u00fcber 2 Schalter (techn: Taster), die in jeweils in 2 Richtungen gekippt werden k\u00f6nnen. Und dann unterscheiden wir noch zwischen einem kurzen Umlegen und einem langen Umlegen &#8211; die Maschine bietet also dem Nutzer 8 Funktionen. Die Dauer f\u00fcr &#8218;lang&#8216; liegt bei ~2 Sekunden und wird beim Erreichen durch einen kurzen [&hellip;]<\/p>","protected":false},"author":2,"featured_media":61321,"parent":0,"menu_order":0,"comment_status":"closed","ping_status":"closed","template":"","meta":{"_et_pb_use_builder":"on","_et_pb_old_content":"","_et_gb_content_width":"","footnotes":""},"class_list":["post-63214","page","type-page","status-publish","has-post-thumbnail","hentry"],"_links":{"self":[{"href":"https:\/\/www.xenia-espresso.de\/en\/wp-json\/wp\/v2\/pages\/63214","targetHints":{"allow":["GET"]}}],"collection":[{"href":"https:\/\/www.xenia-espresso.de\/en\/wp-json\/wp\/v2\/pages"}],"about":[{"href":"https:\/\/www.xenia-espresso.de\/en\/wp-json\/wp\/v2\/types\/page"}],"author":[{"embeddable":true,"href":"https:\/\/www.xenia-espresso.de\/en\/wp-json\/wp\/v2\/users\/2"}],"replies":[{"embeddable":true,"href":"https:\/\/www.xenia-espresso.de\/en\/wp-json\/wp\/v2\/comments?post=63214"}],"version-history":[{"count":11,"href":"https:\/\/www.xenia-espresso.de\/en\/wp-json\/wp\/v2\/pages\/63214\/revisions"}],"predecessor-version":[{"id":66180,"href":"https:\/\/www.xenia-espresso.de\/en\/wp-json\/wp\/v2\/pages\/63214\/revisions\/66180"}],"wp:featuredmedia":[{"embeddable":true,"href":"https:\/\/www.xenia-espresso.de\/en\/wp-json\/wp\/v2\/media\/61321"}],"wp:attachment":[{"href":"https:\/\/www.xenia-espresso.de\/en\/wp-json\/wp\/v2\/media?parent=63214"}],"curies":[{"name":"wp","href":"https:\/\/api.w.org\/{rel}","templated":true}]}}