{"id":30443,"date":"2017-08-02T17:21:33","date_gmt":"2017-08-02T15:21:33","guid":{"rendered":"https:\/\/www.xenia-espresso.de\/?post_type=product&#038;p=30443"},"modified":"2021-01-17T21:06:48","modified_gmt":"2021-01-17T20:06:48","slug":"verstellbare-fuesse","status":"publish","type":"product","link":"https:\/\/www.xenia-espresso.de\/en\/product\/verstellbare-fuesse\/","title":{"rendered":"F\u00fc\u00dfe [4FU]"},"content":{"rendered":"<p>Set bestehend aus vier F\u00fc\u00dfen<\/p>\n<ul>\n<li>M10 Gewinde<\/li>\n<li>Durchmesser: 40 mm<\/li>\n<li>H\u00f6he: 31 mm<\/li>\n<li>Edelstahl (K\u00f6rper) &amp; Kunststoff (Fl\u00e4che unten)<\/li>\n<\/ul>","protected":false},"excerpt":{"rendered":"<p>Set bestehend aus vier F\u00fc\u00dfen M10 Gewinde Durchmesser: 40 mm H\u00f6he: 31 mm Edelstahl (K\u00f6rper) &amp; Kunststoff (Fl\u00e4che unten)<\/p>","protected":false},"featured_media":31087,"template":"","meta":{"_et_pb_use_builder":"","_et_pb_old_content":"","_et_gb_content_width":""},"product_brand":[],"product_cat":[299,262,212],"product_tag":[],"class_list":{"0":"post-30443","1":"product","2":"type-product","3":"status-publish","4":"has-post-thumbnail","6":"product_cat-diverses","7":"product_cat-sonstiges","8":"product_cat-ersatzteile_xenia","10":"first","11":"instock","12":"taxable","13":"shipping-taxable","14":"purchasable","15":"product-type-simple"},"_links":{"self":[{"href":"https:\/\/www.xenia-espresso.de\/en\/wp-json\/wp\/v2\/product\/30443","targetHints":{"allow":["GET"]}}],"collection":[{"href":"https:\/\/www.xenia-espresso.de\/en\/wp-json\/wp\/v2\/product"}],"about":[{"href":"https:\/\/www.xenia-espresso.de\/en\/wp-json\/wp\/v2\/types\/product"}],"wp:featuredmedia":[{"embeddable":true,"href":"https:\/\/www.xenia-espresso.de\/en\/wp-json\/wp\/v2\/media\/31087"}],"wp:attachment":[{"href":"https:\/\/www.xenia-espresso.de\/en\/wp-json\/wp\/v2\/media?parent=30443"}],"wp:term":[{"taxonomy":"product_brand","embeddable":true,"href":"https:\/\/www.xenia-espresso.de\/en\/wp-json\/wp\/v2\/product_brand?post=30443"},{"taxonomy":"product_cat","embeddable":true,"href":"https:\/\/www.xenia-espresso.de\/en\/wp-json\/wp\/v2\/product_cat?post=30443"},{"taxonomy":"product_tag","embeddable":true,"href":"https:\/\/www.xenia-espresso.de\/en\/wp-json\/wp\/v2\/product_tag?post=30443"}],"curies":[{"name":"wp","href":"https:\/\/api.w.org\/{rel}","templated":true}]}}