{"id":30479,"date":"2017-08-02T17:45:19","date_gmt":"2017-08-02T15:45:19","guid":{"rendered":"https:\/\/www.xenia-espresso.de\/?post_type=product&#038;p=30479"},"modified":"2025-08-25T15:17:12","modified_gmt":"2025-08-25T13:17:12","slug":"manometer-weiss-bruehdruck","status":"publish","type":"product","link":"https:\/\/www.xenia-espresso.de\/en\/product\/manometer-weiss-bruehdruck\/","title":{"rendered":"Manometer, wei\u00df (Br\u00fchdruck) [26881]"},"content":{"rendered":"<p>Anschlu\u00df G1\/8&#8243; an der R\u00fcckseite<br \/>\nMetallzeiger<br \/>\ninkl. \u00dcberwurfmutter<br \/>\nund Klammer zum Befestigen<br \/>\nDurchmesser: 44mm (au\u00dfen), 40,8mm (innen) H\u00f6he 26mm<\/p>","protected":false},"excerpt":{"rendered":"<p>Anschlu\u00df G1\/8&#8243; an der R\u00fcckseite Metallzeiger inkl. \u00dcberwurfmutter und Klammer zum Befestigen Durchmesser: 44mm (au\u00dfen), 40,8mm (innen) H\u00f6he 26mm<\/p>","protected":false},"featured_media":31063,"template":"","meta":{"_et_pb_use_builder":"","_et_pb_old_content":"","_et_gb_content_width":""},"product_brand":[],"product_cat":[299],"product_tag":[],"class_list":{"0":"post-30479","1":"product","2":"type-product","3":"status-publish","4":"has-post-thumbnail","6":"product_cat-diverses","8":"first","9":"instock","10":"taxable","11":"shipping-taxable","12":"product-type-simple"},"_links":{"self":[{"href":"https:\/\/www.xenia-espresso.de\/en\/wp-json\/wp\/v2\/product\/30479","targetHints":{"allow":["GET"]}}],"collection":[{"href":"https:\/\/www.xenia-espresso.de\/en\/wp-json\/wp\/v2\/product"}],"about":[{"href":"https:\/\/www.xenia-espresso.de\/en\/wp-json\/wp\/v2\/types\/product"}],"wp:featuredmedia":[{"embeddable":true,"href":"https:\/\/www.xenia-espresso.de\/en\/wp-json\/wp\/v2\/media\/31063"}],"wp:attachment":[{"href":"https:\/\/www.xenia-espresso.de\/en\/wp-json\/wp\/v2\/media?parent=30479"}],"wp:term":[{"taxonomy":"product_brand","embeddable":true,"href":"https:\/\/www.xenia-espresso.de\/en\/wp-json\/wp\/v2\/product_brand?post=30479"},{"taxonomy":"product_cat","embeddable":true,"href":"https:\/\/www.xenia-espresso.de\/en\/wp-json\/wp\/v2\/product_cat?post=30479"},{"taxonomy":"product_tag","embeddable":true,"href":"https:\/\/www.xenia-espresso.de\/en\/wp-json\/wp\/v2\/product_tag?post=30479"}],"curies":[{"name":"wp","href":"https:\/\/api.w.org\/{rel}","templated":true}]}}