{"id":30520,"date":"2017-08-02T21:20:38","date_gmt":"2017-08-02T19:20:38","guid":{"rendered":"https:\/\/www.xenia-espresso.de\/?post_type=product&#038;p=30520"},"modified":"2025-08-25T15:17:21","modified_gmt":"2025-08-25T13:17:21","slug":"manometer-schwarz-bruehdruck","status":"publish","type":"product","link":"https:\/\/www.xenia-espresso.de\/en\/product\/manometer-schwarz-bruehdruck\/","title":{"rendered":"Manometer, schwarz (Br\u00fchdruck) [27771]"},"content":{"rendered":"<p>Anschlu\u00df G1\/8&#8243; an der R\u00fcckseite<br \/>\nMetallzeiger<br \/>\ninkl. \u00dcberwurfmutter<br \/>\nund Klammer zum Befestigen<br \/>\nDurchmesser: 44mm (au\u00dfen), 40,8mm (innen) H\u00f6he 26mm<\/p>","protected":false},"excerpt":{"rendered":"<p>Anschlu\u00df G1\/8&#8243; an der R\u00fcckseite Metallzeiger inkl. \u00dcberwurfmutter und Klammer zum Befestigen Durchmesser: 44mm (au\u00dfen), 40,8mm (innen) H\u00f6he 26mm<\/p>","protected":false},"featured_media":30611,"template":"","meta":{"_et_pb_use_builder":"","_et_pb_old_content":"","_et_gb_content_width":""},"product_brand":[],"product_cat":[299,262],"product_tag":[],"class_list":{"0":"post-30520","1":"product","2":"type-product","3":"status-publish","4":"has-post-thumbnail","6":"product_cat-diverses","7":"product_cat-sonstiges","9":"first","10":"instock","11":"featured","12":"taxable","13":"shipping-taxable","14":"purchasable","15":"product-type-simple"},"_links":{"self":[{"href":"https:\/\/www.xenia-espresso.de\/en\/wp-json\/wp\/v2\/product\/30520","targetHints":{"allow":["GET"]}}],"collection":[{"href":"https:\/\/www.xenia-espresso.de\/en\/wp-json\/wp\/v2\/product"}],"about":[{"href":"https:\/\/www.xenia-espresso.de\/en\/wp-json\/wp\/v2\/types\/product"}],"wp:featuredmedia":[{"embeddable":true,"href":"https:\/\/www.xenia-espresso.de\/en\/wp-json\/wp\/v2\/media\/30611"}],"wp:attachment":[{"href":"https:\/\/www.xenia-espresso.de\/en\/wp-json\/wp\/v2\/media?parent=30520"}],"wp:term":[{"taxonomy":"product_brand","embeddable":true,"href":"https:\/\/www.xenia-espresso.de\/en\/wp-json\/wp\/v2\/product_brand?post=30520"},{"taxonomy":"product_cat","embeddable":true,"href":"https:\/\/www.xenia-espresso.de\/en\/wp-json\/wp\/v2\/product_cat?post=30520"},{"taxonomy":"product_tag","embeddable":true,"href":"https:\/\/www.xenia-espresso.de\/en\/wp-json\/wp\/v2\/product_tag?post=30520"}],"curies":[{"name":"wp","href":"https:\/\/api.w.org\/{rel}","templated":true}]}}