{"id":30751,"date":"2017-08-03T12:00:53","date_gmt":"2017-08-03T10:00:53","guid":{"rendered":"https:\/\/www.xenia-espresso.de\/?post_type=product&#038;p=30751"},"modified":"2017-10-02T13:50:09","modified_gmt":"2017-10-02T11:50:09","slug":"t-stueck","status":"publish","type":"product","link":"https:\/\/www.xenia-espresso.de\/en\/product\/t-stueck\/","title":{"rendered":"Schlauchverbinder, T-St\u00fcck aus POM"},"content":{"rendered":"<p>Verbindungsst\u00fcck der Ablaufschl\u00e4uche<br \/>\nMaterial: lebensmittelechtes POM<\/p>\n<p>Abmessungen:<\/p>\n<ul>\n<li>L 42 mm x 7 mm x 26 mm<\/li>\n<li>innerer Querschnitt: 4 mm<\/li>\n<\/ul>\n<p>&nbsp;<\/p>","protected":false},"excerpt":{"rendered":"<p><strong>T-St\u00fcck<\/strong><\/p>","protected":false},"featured_media":30779,"template":"","meta":{"_et_pb_use_builder":"","_et_pb_old_content":"","_et_gb_content_width":""},"product_brand":[],"product_cat":[267,212],"product_tag":[],"class_list":{"0":"post-30751","1":"product","2":"type-product","3":"status-publish","4":"has-post-thumbnail","6":"product_cat-hydraulik","7":"product_cat-ersatzteile_xenia","9":"first","10":"instock","11":"taxable","12":"shipping-taxable","13":"purchasable","14":"product-type-simple"},"_links":{"self":[{"href":"https:\/\/www.xenia-espresso.de\/en\/wp-json\/wp\/v2\/product\/30751","targetHints":{"allow":["GET"]}}],"collection":[{"href":"https:\/\/www.xenia-espresso.de\/en\/wp-json\/wp\/v2\/product"}],"about":[{"href":"https:\/\/www.xenia-espresso.de\/en\/wp-json\/wp\/v2\/types\/product"}],"wp:featuredmedia":[{"embeddable":true,"href":"https:\/\/www.xenia-espresso.de\/en\/wp-json\/wp\/v2\/media\/30779"}],"wp:attachment":[{"href":"https:\/\/www.xenia-espresso.de\/en\/wp-json\/wp\/v2\/media?parent=30751"}],"wp:term":[{"taxonomy":"product_brand","embeddable":true,"href":"https:\/\/www.xenia-espresso.de\/en\/wp-json\/wp\/v2\/product_brand?post=30751"},{"taxonomy":"product_cat","embeddable":true,"href":"https:\/\/www.xenia-espresso.de\/en\/wp-json\/wp\/v2\/product_cat?post=30751"},{"taxonomy":"product_tag","embeddable":true,"href":"https:\/\/www.xenia-espresso.de\/en\/wp-json\/wp\/v2\/product_tag?post=30751"}],"curies":[{"name":"wp","href":"https:\/\/api.w.org\/{rel}","templated":true}]}}