{"id":33092,"date":"2017-10-12T16:13:46","date_gmt":"2017-10-12T14:13:46","guid":{"rendered":"https:\/\/www.xenia-espresso.de\/?post_type=product&#038;p=33092"},"modified":"2024-12-11T11:44:01","modified_gmt":"2024-12-11T10:44:01","slug":"kipphebelventil","status":"publish","type":"product","link":"https:\/\/www.xenia-espresso.de\/en\/product\/kipphebelventil\/","title":{"rendered":"Kipphebelventil, Wasser"},"content":{"rendered":"<p>Abmessungen (zirka-Angaben):<br \/>\nVentill\u00e4nge 13 cm x Durchmesser 2,5 cm x Gesamth\u00f6he 12,5 cm (L\u00e4nge Wasserhahn: 6 cm)<\/p>\n<p>Anschluss: G1\/4&#8243;<\/p>\n<p><strong>Das Ventil wird ohne Griff geliefert, der aber dazu bestellt werden kann (6 Euro).<\/strong><\/p>","protected":false},"excerpt":{"rendered":"<p>Abmessungen (zirka-Angaben): Ventill\u00e4nge 13 cm x Durchmesser 2,5 cm x Gesamth\u00f6he 12,5 cm (L\u00e4nge Wasserhahn: 6 cm) Anschluss: G1\/4&#8243; Das Ventil wird ohne Griff geliefert, der aber dazu bestellt werden kann (6 Euro).<\/p>","protected":false},"featured_media":33093,"template":"","meta":{"_et_pb_use_builder":"","_et_pb_old_content":"","_et_gb_content_width":""},"product_brand":[],"product_cat":[299,267,265],"product_tag":[],"class_list":{"0":"post-33092","1":"product","2":"type-product","3":"status-publish","4":"has-post-thumbnail","6":"product_cat-diverses","7":"product_cat-hydraulik","8":"product_cat-ventile","10":"first","11":"instock","12":"taxable","13":"shipping-taxable","14":"purchasable","15":"product-type-simple"},"_links":{"self":[{"href":"https:\/\/www.xenia-espresso.de\/en\/wp-json\/wp\/v2\/product\/33092","targetHints":{"allow":["GET"]}}],"collection":[{"href":"https:\/\/www.xenia-espresso.de\/en\/wp-json\/wp\/v2\/product"}],"about":[{"href":"https:\/\/www.xenia-espresso.de\/en\/wp-json\/wp\/v2\/types\/product"}],"wp:featuredmedia":[{"embeddable":true,"href":"https:\/\/www.xenia-espresso.de\/en\/wp-json\/wp\/v2\/media\/33093"}],"wp:attachment":[{"href":"https:\/\/www.xenia-espresso.de\/en\/wp-json\/wp\/v2\/media?parent=33092"}],"wp:term":[{"taxonomy":"product_brand","embeddable":true,"href":"https:\/\/www.xenia-espresso.de\/en\/wp-json\/wp\/v2\/product_brand?post=33092"},{"taxonomy":"product_cat","embeddable":true,"href":"https:\/\/www.xenia-espresso.de\/en\/wp-json\/wp\/v2\/product_cat?post=33092"},{"taxonomy":"product_tag","embeddable":true,"href":"https:\/\/www.xenia-espresso.de\/en\/wp-json\/wp\/v2\/product_tag?post=33092"}],"curies":[{"name":"wp","href":"https:\/\/api.w.org\/{rel}","templated":true}]}}