{"id":33109,"date":"2017-10-12T17:19:04","date_gmt":"2017-10-12T15:19:04","guid":{"rendered":"https:\/\/www.xenia-espresso.de\/?post_type=product&#038;p=33109"},"modified":"2024-12-11T11:43:34","modified_gmt":"2024-12-11T10:43:34","slug":"kipphebelventil-dampf","status":"publish","type":"product","link":"https:\/\/www.xenia-espresso.de\/en\/product\/kipphebelventil-dampf\/","title":{"rendered":"Kipphebelventil, Dampf"},"content":{"rendered":"<p>Abmessungen (zirka-Angaben):<br \/>\nVentill\u00e4nge 13 cm x Durchmesser 2,5 cm x Gesamth\u00f6he 24,5 cm (L\u00e4nge Dampflanze: 18 cm)<\/p>\n<p>Anschluss: G1\/4&#8243;<\/p>\n<p>Version mit innenliegendem Teflonrohr und zus\u00e4tzlich einem Anfasser aus Gummi.<\/p>\n<p><strong>Das Ventil wird ohne Griff geliefert, der aber dazu bestellt werden kann (6 Euro).<\/strong><\/p>\n<p>&nbsp;<\/p>","protected":false},"excerpt":{"rendered":"<p>Abmessungen (zirka-Angaben): Ventill\u00e4nge 13 cm x Durchmesser 2,5 cm x Gesamth\u00f6he 24,5 cm (L\u00e4nge Dampflanze: 18 cm) Anschluss: G1\/4&#8243; Version mit innenliegendem Teflonrohr und zus\u00e4tzlich einem Anfasser aus Gummi. Das Ventil wird ohne Griff geliefert, der aber dazu bestellt werden kann (6 Euro). &nbsp;<\/p>","protected":false},"featured_media":33114,"template":"","meta":{"_et_pb_use_builder":"","_et_pb_old_content":"","_et_gb_content_width":""},"product_brand":[],"product_cat":[299,267,265],"product_tag":[],"class_list":{"0":"post-33109","1":"product","2":"type-product","3":"status-publish","4":"has-post-thumbnail","6":"product_cat-diverses","7":"product_cat-hydraulik","8":"product_cat-ventile","10":"first","11":"instock","12":"taxable","13":"shipping-taxable","14":"purchasable","15":"product-type-simple"},"_links":{"self":[{"href":"https:\/\/www.xenia-espresso.de\/en\/wp-json\/wp\/v2\/product\/33109","targetHints":{"allow":["GET"]}}],"collection":[{"href":"https:\/\/www.xenia-espresso.de\/en\/wp-json\/wp\/v2\/product"}],"about":[{"href":"https:\/\/www.xenia-espresso.de\/en\/wp-json\/wp\/v2\/types\/product"}],"wp:featuredmedia":[{"embeddable":true,"href":"https:\/\/www.xenia-espresso.de\/en\/wp-json\/wp\/v2\/media\/33114"}],"wp:attachment":[{"href":"https:\/\/www.xenia-espresso.de\/en\/wp-json\/wp\/v2\/media?parent=33109"}],"wp:term":[{"taxonomy":"product_brand","embeddable":true,"href":"https:\/\/www.xenia-espresso.de\/en\/wp-json\/wp\/v2\/product_brand?post=33109"},{"taxonomy":"product_cat","embeddable":true,"href":"https:\/\/www.xenia-espresso.de\/en\/wp-json\/wp\/v2\/product_cat?post=33109"},{"taxonomy":"product_tag","embeddable":true,"href":"https:\/\/www.xenia-espresso.de\/en\/wp-json\/wp\/v2\/product_tag?post=33109"}],"curies":[{"name":"wp","href":"https:\/\/api.w.org\/{rel}","templated":true}]}}