{"id":38102,"date":"2019-01-24T08:40:36","date_gmt":"2019-01-24T07:40:36","guid":{"rendered":"https:\/\/www.xenia-espresso.de\/?post_type=product&#038;p=38102"},"modified":"2021-07-20T08:50:20","modified_gmt":"2021-07-20T06:50:20","slug":"dichtungssatz-xenia","status":"publish","type":"product","link":"https:\/\/www.xenia-espresso.de\/en\/product\/dichtungssatz-xenia\/","title":{"rendered":"Dichtungssatz Xenia ohne Kupferrohr [DIS]"},"content":{"rendered":"<p>1 x flache Br\u00fchk\u00f6rperisolierung (gr\u00fcnes Werzalit)<br \/>\n1 x Dichtung\/Isolierung Ablauf links unten 11x11mm (grau)<br \/>\n1 x Dichtung Br\u00fchk\u00f6rper\/Siebtr\u00e4geraufnahme (12&#215;2 mm)<br \/>\n1 x Diffusordichtung (in der runden Siebtr\u00e4geraufnahme) 42&#215;2 mm<br \/>\n2 x Kesseldichtung (101x2mm)<br \/>\n1 x Loxeal 58-11 Dichtungskleber (im T\u00f6pfchen)<br \/>\n2 x Kabelbinder 100mm<\/p>\n<p>Hinweise:<br \/>\nDie Entkalkungsanleitung befindet sich im Downloadbereich der Webseite.<br \/>\nEine Dichtung f\u00fcr die Br\u00fchgruppe ist nicht enthalten.<br \/>\nEine Diffusor-Dichtung ist enthalten.<\/p>\n<p>Falls das Entl\u00fcftungsventil (links vorne auf der W\u00e4rmebr\u00fccke mit einem ableitenden Silikonschlauch) leicht undicht ist, kann man zus\u00e4tzlich diese Dichtungen bestellen: https:\/\/www.xenia-espresso.de\/produkt\/dichtung-entlueftungsventil-4091140113\/<br \/>\nDas Kupferrohr muss man nicht zwingend mitbestellen. Wir bauen es seit Sp\u00e4tsommer 2019 standardm\u00e4\u00dfig mit Kleber ein, weil es beim Transport nicht mehr herausrutschen kann. Das fr\u00fcher verbaute Teflonrohr ist aber sonst v\u00f6llig ausreichend gewesen.<\/p>\n<p>&nbsp;<\/p>","protected":false},"excerpt":{"rendered":"<p>1 x flache Br\u00fchk\u00f6rperisolierung (gr\u00fcnes Werzalit) 1 x Dichtung\/Isolierung Ablauf links unten 11x11mm (grau) 1 x Dichtung Br\u00fchk\u00f6rper\/Siebtr\u00e4geraufnahme (12&#215;2 mm) 1 x Diffusordichtung (in der runden Siebtr\u00e4geraufnahme) 42&#215;2 mm 2 x Kesseldichtung (101x2mm) 1 x Loxeal 58-11 Dichtungskleber (im T\u00f6pfchen) 2 x Kabelbinder 100mm Hinweise: Die Entkalkungsanleitung befindet sich im Downloadbereich der Webseite. Eine Dichtung [&hellip;]<\/p>","protected":false},"featured_media":44588,"template":"","meta":{"_et_pb_use_builder":"","_et_pb_old_content":"","_et_gb_content_width":""},"product_brand":[],"product_cat":[334],"product_tag":[],"class_list":{"0":"post-38102","1":"product","2":"type-product","3":"status-publish","4":"has-post-thumbnail","6":"product_cat-dichtungen","7":"product_shipping_class-ohneversandkosten","9":"first","10":"instock","11":"taxable","12":"shipping-taxable","13":"purchasable","14":"product-type-simple"},"_links":{"self":[{"href":"https:\/\/www.xenia-espresso.de\/en\/wp-json\/wp\/v2\/product\/38102","targetHints":{"allow":["GET"]}}],"collection":[{"href":"https:\/\/www.xenia-espresso.de\/en\/wp-json\/wp\/v2\/product"}],"about":[{"href":"https:\/\/www.xenia-espresso.de\/en\/wp-json\/wp\/v2\/types\/product"}],"wp:featuredmedia":[{"embeddable":true,"href":"https:\/\/www.xenia-espresso.de\/en\/wp-json\/wp\/v2\/media\/44588"}],"wp:attachment":[{"href":"https:\/\/www.xenia-espresso.de\/en\/wp-json\/wp\/v2\/media?parent=38102"}],"wp:term":[{"taxonomy":"product_brand","embeddable":true,"href":"https:\/\/www.xenia-espresso.de\/en\/wp-json\/wp\/v2\/product_brand?post=38102"},{"taxonomy":"product_cat","embeddable":true,"href":"https:\/\/www.xenia-espresso.de\/en\/wp-json\/wp\/v2\/product_cat?post=38102"},{"taxonomy":"product_tag","embeddable":true,"href":"https:\/\/www.xenia-espresso.de\/en\/wp-json\/wp\/v2\/product_tag?post=38102"}],"curies":[{"name":"wp","href":"https:\/\/api.w.org\/{rel}","templated":true}]}}