{"id":50962,"date":"2021-04-23T13:20:46","date_gmt":"2021-04-23T11:20:46","guid":{"rendered":"https:\/\/www.xenia-espresso.de\/?post_type=product&#038;p=50962"},"modified":"2024-07-09T10:36:16","modified_gmt":"2024-07-09T08:36:16","slug":"heizungsrelais-g2r","status":"publish","type":"product","link":"https:\/\/www.xenia-espresso.de\/en\/product\/heizungsrelais-g2r\/","title":{"rendered":"Heizungsrelais [G2R]"},"content":{"rendered":"<p>Hersteller: Omron<br \/>\nTyp: G2R1AE12DC<br \/>\nkann ggf auch bei Conrad Elektronik o.\u00e4. L\u00e4den bestellt werden (Achtung: stark wechselnde Preise &amp; Verf\u00fcgbarkeiten)<\/p>\n<p>Wenn es nur Kleinteile sind, k\u00f6nnen die per Brief (Maxi\/Kompaktbrief) verschickt werden (4 Euro). Diesen W\u00fansch bitte gesondert angeben.<br \/>\nBei einem Breif entf\u00e4llt die Versicherung und wir k\u00f6nnen bei Verlust nicht kostenfrei ersetzen.<\/p>","protected":false},"excerpt":{"rendered":"<p>Hersteller: Omron Typ: G2R1AE12DC kann ggf auch bei Conrad Elektronik o.\u00e4. L\u00e4den bestellt werden (Achtung: stark wechselnde Preise &amp; Verf\u00fcgbarkeiten) Wenn es nur Kleinteile sind, k\u00f6nnen die per Brief (Maxi\/Kompaktbrief) verschickt werden (4 Euro). Diesen W\u00fansch bitte gesondert angeben. Bei einem Breif entf\u00e4llt die Versicherung und wir k\u00f6nnen bei Verlust nicht kostenfrei ersetzen.<\/p>","protected":false},"featured_media":50963,"template":"","meta":{"_et_pb_use_builder":"","_et_pb_old_content":"","_et_gb_content_width":""},"product_brand":[],"product_cat":[297,334,299],"product_tag":[],"class_list":{"0":"post-50962","1":"product","2":"type-product","3":"status-publish","4":"has-post-thumbnail","6":"product_cat-unkategorisiert","7":"product_cat-dichtungen","8":"product_cat-diverses","9":"product_shipping_class-dpd5","11":"first","12":"instock","13":"taxable","14":"shipping-taxable","15":"purchasable","16":"product-type-simple"},"_links":{"self":[{"href":"https:\/\/www.xenia-espresso.de\/en\/wp-json\/wp\/v2\/product\/50962","targetHints":{"allow":["GET"]}}],"collection":[{"href":"https:\/\/www.xenia-espresso.de\/en\/wp-json\/wp\/v2\/product"}],"about":[{"href":"https:\/\/www.xenia-espresso.de\/en\/wp-json\/wp\/v2\/types\/product"}],"wp:featuredmedia":[{"embeddable":true,"href":"https:\/\/www.xenia-espresso.de\/en\/wp-json\/wp\/v2\/media\/50963"}],"wp:attachment":[{"href":"https:\/\/www.xenia-espresso.de\/en\/wp-json\/wp\/v2\/media?parent=50962"}],"wp:term":[{"taxonomy":"product_brand","embeddable":true,"href":"https:\/\/www.xenia-espresso.de\/en\/wp-json\/wp\/v2\/product_brand?post=50962"},{"taxonomy":"product_cat","embeddable":true,"href":"https:\/\/www.xenia-espresso.de\/en\/wp-json\/wp\/v2\/product_cat?post=50962"},{"taxonomy":"product_tag","embeddable":true,"href":"https:\/\/www.xenia-espresso.de\/en\/wp-json\/wp\/v2\/product_tag?post=50962"}],"curies":[{"name":"wp","href":"https:\/\/api.w.org\/{rel}","templated":true}]}}