{"id":51011,"date":"2021-04-28T10:47:44","date_gmt":"2021-04-28T08:47:44","guid":{"rendered":"https:\/\/www.xenia-espresso.de\/?post_type=product&#038;p=51011"},"modified":"2022-12-21T21:15:44","modified_gmt":"2022-12-21T20:15:44","slug":"dichtung-entlueftungsventil-4091140113","status":"publish","type":"product","link":"https:\/\/www.xenia-espresso.de\/en\/product\/dichtung-entlueftungsventil-4091140113\/","title":{"rendered":"Dichtung Entl\u00fcftungsventil (40911+40113)"},"content":{"rendered":"<p>Dichtungen f\u00fcr das Entl\u00fcftungsventil<\/p>\n<p>Silikondichtung OR 3,69X1,78MM 70SH<br \/>\nTeflondichtung 10,85X4,8X6,5MM<\/p>\n<p>Wenn es nur Kleinteile sind, k\u00f6nnen die per Brief (Maxi\/Kompaktbrief) verschickt werden (4 Euro). Diesen W\u00fansch bitte gesondert angeben.<br \/>\nBei einem Breif entf\u00e4llt die Versicherung und wir k\u00f6nnen bei Verlust nicht kostenfrei ersetzen.<\/p>\n<p>Versand nur an Xenia-Kunden.<\/p>","protected":false},"excerpt":{"rendered":"<p>Dichtungen f\u00fcr das Entl\u00fcftungsventil Silikondichtung OR 3,69X1,78MM 70SH Teflondichtung 10,85X4,8X6,5MM Wenn es nur Kleinteile sind, k\u00f6nnen die per Brief (Maxi\/Kompaktbrief) verschickt werden (4 Euro). Diesen W\u00fansch bitte gesondert angeben. Bei einem Breif entf\u00e4llt die Versicherung und wir k\u00f6nnen bei Verlust nicht kostenfrei ersetzen. Versand nur an Xenia-Kunden.<\/p>","protected":false},"featured_media":51012,"template":"","meta":{"_et_pb_use_builder":"","_et_pb_old_content":"","_et_gb_content_width":""},"product_brand":[],"product_cat":[334],"product_tag":[],"class_list":{"0":"post-51011","1":"product","2":"type-product","3":"status-publish","4":"has-post-thumbnail","6":"product_cat-dichtungen","7":"product_shipping_class-dpd5","9":"first","10":"instock","11":"taxable","12":"shipping-taxable","13":"purchasable","14":"product-type-simple"},"_links":{"self":[{"href":"https:\/\/www.xenia-espresso.de\/en\/wp-json\/wp\/v2\/product\/51011","targetHints":{"allow":["GET"]}}],"collection":[{"href":"https:\/\/www.xenia-espresso.de\/en\/wp-json\/wp\/v2\/product"}],"about":[{"href":"https:\/\/www.xenia-espresso.de\/en\/wp-json\/wp\/v2\/types\/product"}],"wp:featuredmedia":[{"embeddable":true,"href":"https:\/\/www.xenia-espresso.de\/en\/wp-json\/wp\/v2\/media\/51012"}],"wp:attachment":[{"href":"https:\/\/www.xenia-espresso.de\/en\/wp-json\/wp\/v2\/media?parent=51011"}],"wp:term":[{"taxonomy":"product_brand","embeddable":true,"href":"https:\/\/www.xenia-espresso.de\/en\/wp-json\/wp\/v2\/product_brand?post=51011"},{"taxonomy":"product_cat","embeddable":true,"href":"https:\/\/www.xenia-espresso.de\/en\/wp-json\/wp\/v2\/product_cat?post=51011"},{"taxonomy":"product_tag","embeddable":true,"href":"https:\/\/www.xenia-espresso.de\/en\/wp-json\/wp\/v2\/product_tag?post=51011"}],"curies":[{"name":"wp","href":"https:\/\/api.w.org\/{rel}","templated":true}]}}