{"id":51419,"date":"2021-06-28T15:00:56","date_gmt":"2021-06-28T13:00:56","guid":{"rendered":"https:\/\/www.xenia-espresso.de\/?post_type=product&#038;p=51419"},"modified":"2022-11-28T08:50:16","modified_gmt":"2022-11-28T07:50:16","slug":"dichtung-jkesselheizung-fuesse-11112","status":"publish","type":"product","link":"https:\/\/www.xenia-espresso.de\/en\/product\/dichtung-jkesselheizung-fuesse-11112\/","title":{"rendered":"Dichtung Kesselheizung (F\u00fcsse) (2&#215;11112)"},"content":{"rendered":"<p>2 Dichtungen f\u00fcr die Durchf\u00fchrung der Kesselheizung (innen im Kessel)<br \/>\n18X13X2MM 1\/4&#8220; PTFE<\/p>\n<p>Hinweis: Von aussen unter dem Mutter mit Dichtungskleber (Loxeal 58-11, gelb) zus\u00e4tzlich dichten.<\/p>\n<p>Wenn es nur Kleinteile sind, k\u00f6nnen die per Brief (Maxi\/Kompaktbrief) verschickt werden (4 Euro). Diesen W\u00fansch bitte gesondert angeben.<br \/>\nBei einem Breif entf\u00e4llt die Versicherung und wir k\u00f6nnen bei Verlust nicht kostenfrei ersetzen.<\/p>\n<p>&nbsp;<\/p>","protected":false},"excerpt":{"rendered":"<p>2 Dichtungen f\u00fcr die Durchf\u00fchrung der Kesselheizung (innen im Kessel) 18X13X2MM 1\/4&#8220; PTFE Hinweis: Von aussen unter dem Mutter mit Dichtungskleber (Loxeal 58-11, gelb) zus\u00e4tzlich dichten. Wenn es nur Kleinteile sind, k\u00f6nnen die per Brief (Maxi\/Kompaktbrief) verschickt werden (4 Euro). Diesen W\u00fansch bitte gesondert angeben. Bei einem Breif entf\u00e4llt die Versicherung und wir k\u00f6nnen bei [&hellip;]<\/p>","protected":false},"featured_media":51420,"template":"","meta":{"_et_pb_use_builder":"","_et_pb_old_content":"","_et_gb_content_width":""},"product_brand":[],"product_cat":[334],"product_tag":[],"class_list":{"0":"post-51419","1":"product","2":"type-product","3":"status-publish","4":"has-post-thumbnail","6":"product_cat-dichtungen","7":"product_shipping_class-dpd5","9":"first","10":"instock","11":"taxable","12":"shipping-taxable","13":"purchasable","14":"product-type-simple"},"_links":{"self":[{"href":"https:\/\/www.xenia-espresso.de\/en\/wp-json\/wp\/v2\/product\/51419","targetHints":{"allow":["GET"]}}],"collection":[{"href":"https:\/\/www.xenia-espresso.de\/en\/wp-json\/wp\/v2\/product"}],"about":[{"href":"https:\/\/www.xenia-espresso.de\/en\/wp-json\/wp\/v2\/types\/product"}],"wp:featuredmedia":[{"embeddable":true,"href":"https:\/\/www.xenia-espresso.de\/en\/wp-json\/wp\/v2\/media\/51420"}],"wp:attachment":[{"href":"https:\/\/www.xenia-espresso.de\/en\/wp-json\/wp\/v2\/media?parent=51419"}],"wp:term":[{"taxonomy":"product_brand","embeddable":true,"href":"https:\/\/www.xenia-espresso.de\/en\/wp-json\/wp\/v2\/product_brand?post=51419"},{"taxonomy":"product_cat","embeddable":true,"href":"https:\/\/www.xenia-espresso.de\/en\/wp-json\/wp\/v2\/product_cat?post=51419"},{"taxonomy":"product_tag","embeddable":true,"href":"https:\/\/www.xenia-espresso.de\/en\/wp-json\/wp\/v2\/product_tag?post=51419"}],"curies":[{"name":"wp","href":"https:\/\/api.w.org\/{rel}","templated":true}]}}